


{"id":276,"date":"2025-05-13T15:57:49","date_gmt":"2025-05-13T14:57:49","guid":{"rendered":"https:\/\/diemmeinformatica.com\/?page_id=276"},"modified":"2025-05-13T15:57:49","modified_gmt":"2025-05-13T14:57:49","slug":"cybersecurity","status":"publish","type":"page","link":"https:\/\/diemmeinformatica.com\/index.php\/cybersecurity\/","title":{"rendered":"Cybersecurity"},"content":{"rendered":"\n<p>La <strong>Cybersecurity<\/strong> \u00e8 una delle priorit\u00e0 assolute per proteggere le informazioni sensibili, la privacy degli utenti e l\u2019integrit\u00e0 delle infrastrutture IT di un\u2019organizzazione. In un mondo sempre pi\u00f9 digitale e interconnesso, le minacce informatiche sono in continua evoluzione, e ogni azienda, scuola o ente pubblico deve adottare misure adeguate per difendersi da attacchi, violazioni e danni economici legati alla sicurezza informatica.<\/p>\n\n\n\n<h4 class=\"wp-block-heading\">Cosa Facciamo<\/h4>\n\n\n\n<p>Offriamo soluzioni complete e personalizzate di <strong>Cybersecurity<\/strong> per garantire la protezione dei tuoi sistemi e dei tuoi dati da ogni tipo di minaccia. I nostri esperti lavorano con un approccio proattivo per individuare e neutralizzare le vulnerabilit\u00e0 prima che possano essere sfruttate da attaccanti esterni.<\/p>\n\n\n\n<p>I principali servizi che offriamo includono:<\/p>\n\n\n\n<ul class=\"wp-block-list\">\n<li><strong>Valutazione della sicurezza<\/strong>: Un\u2019analisi approfondita della tua infrastruttura IT per individuare potenziali vulnerabilit\u00e0 e punti deboli. I nostri esperti conducono <strong>Penetration Test<\/strong> e <strong>Vulnerability Assessment<\/strong> per simulare attacchi informatici reali e verificare la robustezza dei tuoi sistemi.<\/li>\n\n\n\n<li><strong>Protezione della rete<\/strong>: Implementiamo soluzioni avanzate per difendere la tua rete da intrusioni non autorizzate. Utilizziamo firewall, sistemi di monitoraggio, e tecniche di segmentazione della rete per impedire accessi indesiderati e proteggere le risorse aziendali.<\/li>\n\n\n\n<li><strong>Gestione delle identit\u00e0 e degli accessi (IAM)<\/strong>: La gestione sicura degli accessi \u00e8 essenziale per limitare l&#8217;accesso alle informazioni riservate solo a chi ne ha realmente bisogno. Implementiamo soluzioni per l&#8217;autenticazione multifattore, la gestione delle password e il controllo degli accessi.<\/li>\n\n\n\n<li><strong>Sicurezza delle comunicazioni e dei dati<\/strong>: Offriamo sistemi di crittografia per garantire la sicurezza delle comunicazioni aziendali e la protezione dei dati sensibili. Questo include la protezione delle email, dei file e delle transazioni online, riducendo il rischio di intercettazioni o attacchi di phishing.<\/li>\n\n\n\n<li><strong>Sicurezza nel cloud<\/strong>: Assicuriamo che le tue risorse nel cloud siano protette da accessi non autorizzati e da attacchi. Configuriamo sistemi di sicurezza avanzati per l\u2019archiviazione, la gestione e il trasferimento dei dati nel cloud.<\/li>\n\n\n\n<li><strong>Monitoraggio continuo e risposta agli incidenti<\/strong>: Offriamo un monitoraggio costante dei sistemi IT per rilevare comportamenti sospetti in tempo reale e prevenire possibili attacchi. Se un incidente di sicurezza dovesse verificarsi, il nostro team interviene tempestivamente per mitigare i danni e risolvere la situazione.<\/li>\n\n\n\n<li><strong>Formazione sulla sicurezza informatica<\/strong>: L\u2019aspetto umano \u00e8 una delle vulnerabilit\u00e0 pi\u00f9 comuni nella sicurezza informatica. Offriamo corsi di formazione per sensibilizzare il personale aziendale su tematiche relative alla sicurezza, come il riconoscimento di phishing e altre truffe informatiche.<\/li>\n<\/ul>\n\n\n\n<p>Per ulteriori informazioni e conoscere la nostra offerta a te dedicata scrivi a:<br><strong>info@diemmeinformatica.com<\/strong><\/p>\n\n\n\n<p><\/p>\n","protected":false},"excerpt":{"rendered":"<p>La Cybersecurity \u00e8 una delle priorit\u00e0 assolute per proteggere le informazioni sensibili, la privacy degli utenti e l\u2019integrit\u00e0 delle infrastrutture IT di un\u2019organizzazione. In un mondo sempre pi\u00f9 digitale e&hellip;<\/p>\n","protected":false},"author":1,"featured_media":0,"parent":0,"menu_order":0,"comment_status":"closed","ping_status":"closed","template":"","meta":{"ngg_post_thumbnail":0,"footnotes":""},"class_list":["post-276","page","type-page","status-publish","hentry"],"_links":{"self":[{"href":"https:\/\/diemmeinformatica.com\/index.php\/wp-json\/wp\/v2\/pages\/276","targetHints":{"allow":["GET"]}}],"collection":[{"href":"https:\/\/diemmeinformatica.com\/index.php\/wp-json\/wp\/v2\/pages"}],"about":[{"href":"https:\/\/diemmeinformatica.com\/index.php\/wp-json\/wp\/v2\/types\/page"}],"author":[{"embeddable":true,"href":"https:\/\/diemmeinformatica.com\/index.php\/wp-json\/wp\/v2\/users\/1"}],"replies":[{"embeddable":true,"href":"https:\/\/diemmeinformatica.com\/index.php\/wp-json\/wp\/v2\/comments?post=276"}],"version-history":[{"count":1,"href":"https:\/\/diemmeinformatica.com\/index.php\/wp-json\/wp\/v2\/pages\/276\/revisions"}],"predecessor-version":[{"id":277,"href":"https:\/\/diemmeinformatica.com\/index.php\/wp-json\/wp\/v2\/pages\/276\/revisions\/277"}],"wp:attachment":[{"href":"https:\/\/diemmeinformatica.com\/index.php\/wp-json\/wp\/v2\/media?parent=276"}],"curies":[{"name":"wp","href":"https:\/\/api.w.org\/{rel}","templated":true}]}}