


{"id":233,"date":"2025-05-13T14:30:52","date_gmt":"2025-05-13T13:30:52","guid":{"rendered":"https:\/\/diemmeinformatica.com\/?page_id=233"},"modified":"2025-05-13T14:30:52","modified_gmt":"2025-05-13T13:30:52","slug":"siti-web","status":"publish","type":"page","link":"https:\/\/diemmeinformatica.com\/index.php\/siti-web\/","title":{"rendered":"Siti web"},"content":{"rendered":"\n<h4 class=\"wp-block-heading\">Siti Web Scolastici<\/h4>\n\n\n\n<p>Realizziamo siti web scolastici moderni e dinamici, pensati per facilitare la gestione delle informazioni istituzionali e la comunicazione con studenti, famiglie e docenti. Ogni progetto \u00e8 sviluppato con un&#8217;attenzione particolare alla facilit\u00e0 d&#8217;uso e all&#8217;accessibilit\u00e0, in modo che tutti gli utenti possano fruire dei contenuti in modo semplice e rapido.<\/p>\n\n\n\n<p>Recentemente, grazie al finanziamento <strong>1.4.1<\/strong>, le scuole e gli enti formativi hanno potuto beneficiare di un sostegno economico per la realizzazione o il restyling del proprio sito web. Il finanziamento 1.4.1 \u00e8 una misura che supporta le istituzioni nell&#8217;adozione delle tecnologie digitali, migliorando la loro capacit\u00e0 di comunicare e di organizzare i servizi in modalit\u00e0 online. La nostra azienda \u00e8 pronta ad assistere ogni istituto nell&#8217;ottenimento di questo finanziamento e nella creazione di un sito web che risponda alle normative e alle esigenze specifiche del mondo educativo.<\/p>\n\n\n\n<p>Non hai partecipato alla prima apertura del finanziamento e adesso, grazie alla riapertura, puoi accedere anche tu al finanziamento? Scrivi a <strong>webmaster@diemmeinformatica.com<\/strong> per conoscere la nostra offerta in merito.<\/p>\n\n\n\n<p><\/p>\n","protected":false},"excerpt":{"rendered":"<p>Siti Web Scolastici Realizziamo siti web scolastici moderni e dinamici, pensati per facilitare la gestione delle informazioni istituzionali e la comunicazione con studenti, famiglie e docenti. Ogni progetto \u00e8 sviluppato&hellip;<\/p>\n","protected":false},"author":1,"featured_media":0,"parent":0,"menu_order":0,"comment_status":"closed","ping_status":"closed","template":"","meta":{"ngg_post_thumbnail":0,"footnotes":""},"class_list":["post-233","page","type-page","status-publish","hentry"],"_links":{"self":[{"href":"https:\/\/diemmeinformatica.com\/index.php\/wp-json\/wp\/v2\/pages\/233","targetHints":{"allow":["GET"]}}],"collection":[{"href":"https:\/\/diemmeinformatica.com\/index.php\/wp-json\/wp\/v2\/pages"}],"about":[{"href":"https:\/\/diemmeinformatica.com\/index.php\/wp-json\/wp\/v2\/types\/page"}],"author":[{"embeddable":true,"href":"https:\/\/diemmeinformatica.com\/index.php\/wp-json\/wp\/v2\/users\/1"}],"replies":[{"embeddable":true,"href":"https:\/\/diemmeinformatica.com\/index.php\/wp-json\/wp\/v2\/comments?post=233"}],"version-history":[{"count":1,"href":"https:\/\/diemmeinformatica.com\/index.php\/wp-json\/wp\/v2\/pages\/233\/revisions"}],"predecessor-version":[{"id":234,"href":"https:\/\/diemmeinformatica.com\/index.php\/wp-json\/wp\/v2\/pages\/233\/revisions\/234"}],"wp:attachment":[{"href":"https:\/\/diemmeinformatica.com\/index.php\/wp-json\/wp\/v2\/media?parent=233"}],"curies":[{"name":"wp","href":"https:\/\/api.w.org\/{rel}","templated":true}]}}